{"id":10176,"date":"2024-09-25T12:38:09","date_gmt":"2024-09-25T12:38:09","guid":{"rendered":"https:\/\/pazmentalrd.com\/?post_type=product&#038;p=10176"},"modified":"2026-01-12T00:22:18","modified_gmt":"2026-01-12T00:22:18","slug":"collar-unisex-con-medalla-estrella-de-vida-color-plateado-en-acero-inoxidable-y-caduceo-rojo","status":"publish","type":"product","link":"https:\/\/pazmentalrd.com\/en\/product\/collar-unisex-con-medalla-estrella-de-vida-color-plateado-en-acero-inoxidable-y-caduceo-rojo\/","title":{"rendered":"Collar unisex Estrella de vida 3D color silver en acero inoxidable y caduceo rojo"},"content":{"rendered":"<p>El c\u00f3digo MIRPRE\u00ae y el texto disponible se encuentran en la parte trasera de esta medalla Estrella de Vida, colour plateado. Disponible para cadenas intercambiables, medalla con s\u00edmbolo de caduceo m\u00e9dico en rojo.<br \/>\nMaterial de medalla y cadena: acero inoxidable quir\u00fargico hipoalerg\u00e9nico de alta calidad. Excelente resistencia a la corrosi\u00f3n y duraci\u00f3n.<\/p>","protected":false},"excerpt":{"rendered":"<p>El c\u00f3digo MIRPRE\u00ae y el texto disponible se encuentran en la parte trasera de esta medalla Estrella de Vida, colour plateado. Disponible para cadenas intercambiables, medalla con s\u00edmbolo de caduceo m\u00e9dico en rojo.<br \/>\nMaterial de medalla y cadena: acero inoxidable quir\u00fargico hipoalerg\u00e9nico de alta calidad. Excelente resistencia a la corrosi\u00f3n y duraci\u00f3n.<\/p>","protected":false},"featured_media":10177,"comment_status":"open","ping_status":"closed","template":"","meta":{"_acf_changed":false,"inline_featured_image":false,"_joinchat":[]},"medical-identification":[70,71,72],"material-type":[149],"product_brand":[],"product_cat":[172],"product_tag":[184],"class_list":{"0":"post-10176","1":"product","2":"type-product","3":"status-publish","4":"has-post-thumbnail","6":"medical-identification-men","7":"medical-identification-women","8":"medical-identification-unisex","9":"material-type-acero-inoxidable","10":"product_cat-cadenas-colgantes","11":"product_tag-acero-inoxidable","13":"first","14":"instock","15":"featured","16":"shipping-taxable","17":"purchasable","18":"product-type-variable"},"acf":[],"_links":{"self":[{"href":"https:\/\/pazmentalrd.com\/en\/wp-json\/wp\/v2\/product\/10176","targetHints":{"allow":["GET"]}}],"collection":[{"href":"https:\/\/pazmentalrd.com\/en\/wp-json\/wp\/v2\/product"}],"about":[{"href":"https:\/\/pazmentalrd.com\/en\/wp-json\/wp\/v2\/types\/product"}],"replies":[{"embeddable":true,"href":"https:\/\/pazmentalrd.com\/en\/wp-json\/wp\/v2\/comments?post=10176"}],"wp:featuredmedia":[{"embeddable":true,"href":"https:\/\/pazmentalrd.com\/en\/wp-json\/wp\/v2\/media\/10177"}],"wp:attachment":[{"href":"https:\/\/pazmentalrd.com\/en\/wp-json\/wp\/v2\/media?parent=10176"}],"wp:term":[{"taxonomy":"medical-identification","embeddable":true,"href":"https:\/\/pazmentalrd.com\/en\/wp-json\/wp\/v2\/medical-identification?post=10176"},{"taxonomy":"material-type","embeddable":true,"href":"https:\/\/pazmentalrd.com\/en\/wp-json\/wp\/v2\/material-type?post=10176"},{"taxonomy":"product_brand","embeddable":true,"href":"https:\/\/pazmentalrd.com\/en\/wp-json\/wp\/v2\/product_brand?post=10176"},{"taxonomy":"product_cat","embeddable":true,"href":"https:\/\/pazmentalrd.com\/en\/wp-json\/wp\/v2\/product_cat?post=10176"},{"taxonomy":"product_tag","embeddable":true,"href":"https:\/\/pazmentalrd.com\/en\/wp-json\/wp\/v2\/product_tag?post=10176"}],"curies":[{"name":"wp","href":"https:\/\/api.w.org\/{rel}","templated":true}]}}