{"id":11274,"date":"2024-10-05T21:55:36","date_gmt":"2024-10-05T21:55:36","guid":{"rendered":"https:\/\/pazmentalrd.com\/?post_type=product&#038;p=11274"},"modified":"2026-03-23T03:04:25","modified_gmt":"2026-03-23T03:04:25","slug":"brazalete-de-18-mm-de-silicona-con-estampado-medusas-coloridas-acero-oro-rosa-y-un-simbolo-rojo","status":"publish","type":"product","link":"https:\/\/pazmentalrd.com\/en\/product\/brazalete-de-18-mm-de-silicona-con-estampado-medusas-coloridas-acero-oro-rosa-y-un-simbolo-rojo\/","title":{"rendered":"Brazalete de 18 mm de silicona con estampado Medusas coloridas, acero oro rosa y un s\u00edmbolo rojo"},"content":{"rendered":"<p>\u25cf Se pueden utilizar estas pulseras de identificaci\u00f3n m\u00e9dica deportiva de silicona con un dise\u00f1o impreso de 18 mm, o junto a otras pulseras\/brazaletes para un aspecto contempor\u00e1neo y apilado.<\/p>\n<p>\u25cf Correa de silicona impresa de 18 mm, suave y correctamente acoplada.<\/p>\n<p>\u25cf Dimensiones de la placa fabricada con acero inoxidable \u25cf 22 mm de anchura x 40 mm de longitud<\/p>\n<p>\u25cf Placa de acero inoxidable que almacena datos m\u00e9dicos tanto en la parte frontal como en la reversa.<\/p>\n<p>\u25cf Sin l\u00e1tex, sin n\u00edquel o plomo.<\/p>\n<h4>Preg\u00fantenos sobre NFC (Near Field Communication) La sinergia perfecta entre dos tecnolog\u00edas probadas.<\/h4>\n<h5>Tambi\u00e9n ofreceremos etiquetas NFC inteligentes combinadas con su QR MiRPRE, que se refiere a dos maneras en que los socorristas pueden acceder a su perfil m\u00e9dico en caso de emergencia: utilizando la c\u00e1mara de un tel\u00e9fono para escanear un c\u00f3digo QR o simplemente tocando el accesorio de identificaci\u00f3n m\u00e9dica MiRPRE con tecnolog\u00eda NFC, ambos m\u00e9todos le conectan con su perfil m\u00e9dico digital.<\/h5>","protected":false},"excerpt":{"rendered":"<h4><strong><span class=\"woocommerce-Price-amount amount\"><span class=\"woocommerce-Price-currencySymbol\">GRABADO PERSONALIZADO SIN PLATAFORMA &#8211; RD$<\/span>1,950.00 <\/span><\/strong><strong>CON PLATAFORMA MIRPRE QR &#8211;\u00a0<span class=\"woocommerce-Price-amount amount\"><span class=\"woocommerce-Price-currencySymbol\">RD$<\/span>2,400.00.<\/span><\/strong><\/h4>\n<p>Esta fant\u00e1stica pulsera est\u00e1 hecha de silicona de colores s\u00faper resistentes. Es totalmente impermeable y ultrarresistente, pero sigue siendo suave y flexible, lo que lo hace adecuado para todas las edades.<\/p>","protected":false},"featured_media":11277,"comment_status":"open","ping_status":"closed","template":"","meta":{"_acf_changed":false,"inline_featured_image":false,"_joinchat":[]},"medical-identification":[71,72],"material-type":[151],"product_brand":[],"product_cat":[190],"product_tag":[184,188],"class_list":{"0":"post-11274","1":"product","2":"type-product","3":"status-publish","4":"has-post-thumbnail","6":"medical-identification-women","7":"medical-identification-unisex","8":"material-type-silicona","9":"product_cat-bangles","10":"product_tag-acero-inoxidable","11":"product_tag-silicona","13":"first","14":"instock","15":"featured","16":"shipping-taxable","17":"purchasable","18":"product-type-variable"},"acf":[],"_links":{"self":[{"href":"https:\/\/pazmentalrd.com\/en\/wp-json\/wp\/v2\/product\/11274","targetHints":{"allow":["GET"]}}],"collection":[{"href":"https:\/\/pazmentalrd.com\/en\/wp-json\/wp\/v2\/product"}],"about":[{"href":"https:\/\/pazmentalrd.com\/en\/wp-json\/wp\/v2\/types\/product"}],"replies":[{"embeddable":true,"href":"https:\/\/pazmentalrd.com\/en\/wp-json\/wp\/v2\/comments?post=11274"}],"wp:featuredmedia":[{"embeddable":true,"href":"https:\/\/pazmentalrd.com\/en\/wp-json\/wp\/v2\/media\/11277"}],"wp:attachment":[{"href":"https:\/\/pazmentalrd.com\/en\/wp-json\/wp\/v2\/media?parent=11274"}],"wp:term":[{"taxonomy":"medical-identification","embeddable":true,"href":"https:\/\/pazmentalrd.com\/en\/wp-json\/wp\/v2\/medical-identification?post=11274"},{"taxonomy":"material-type","embeddable":true,"href":"https:\/\/pazmentalrd.com\/en\/wp-json\/wp\/v2\/material-type?post=11274"},{"taxonomy":"product_brand","embeddable":true,"href":"https:\/\/pazmentalrd.com\/en\/wp-json\/wp\/v2\/product_brand?post=11274"},{"taxonomy":"product_cat","embeddable":true,"href":"https:\/\/pazmentalrd.com\/en\/wp-json\/wp\/v2\/product_cat?post=11274"},{"taxonomy":"product_tag","embeddable":true,"href":"https:\/\/pazmentalrd.com\/en\/wp-json\/wp\/v2\/product_tag?post=11274"}],"curies":[{"name":"wp","href":"https:\/\/api.w.org\/{rel}","templated":true}]}}