{"id":11286,"date":"2024-10-05T23:25:30","date_gmt":"2024-10-05T23:25:30","guid":{"rendered":"https:\/\/pazmentalrd.com\/?post_type=product&#038;p=11286"},"modified":"2026-03-26T01:22:43","modified_gmt":"2026-03-26T01:22:43","slug":"pulsera-de-silicona-unicorn-para-nina-o-etiqueta-plateada-con-simbolo-rojo","status":"publish","type":"product","link":"https:\/\/pazmentalrd.com\/en\/product\/pulsera-de-silicona-unicorn-para-nina-o-etiqueta-plateada-con-simbolo-rojo\/","title":{"rendered":"Pulsera infantil con tem\u00e1tica My Melody rosa suave con etiqueta plateada con s\u00edmbolo rojo"},"content":{"rendered":"<p>PVC+ material de acero inoxidable quir\u00fargico 316L.<br \/>\n\u25cf Tama\u00f1o: 14 mm de ancho, largo 1 talla para todos.<br \/>\n\u25cf La placa de identificaci\u00f3n de acero inoxidable puede grabar\/grabar con l\u00e1ser informaci\u00f3n m\u00e9dica\/de contacto en la parte trasera.<\/p>\n<p>\u25cf 14 mm de ancho, una talla universal; constituye un enorme documento para cualquier ropa.<\/p>\n<p>\u25cf Placa de plata con emblema rojo de identificaci\u00f3n en la esquina superior izquierda; tiene la capacidad de grabar informaci\u00f3n m\u00e9dica mediante l\u00e1ser\/contacto en ambos lados.<\/p>\n<p>\u25cf No contiene plomo o n\u00edquel.<\/p>","protected":false},"excerpt":{"rendered":"<p>Pulsera de identificaci\u00f3n m\u00e9dica con tem\u00e1tica My Melody, hecha de PVC rosa suave con una placa de identificaci\u00f3n de acero inoxidable. Presenta personajes del universo Sanrio, incluidos My Melody y el personaje de la ardilla Risu, junto con notas musicales y motivos de hongos.<\/p>","protected":false},"featured_media":16030,"comment_status":"open","ping_status":"closed","template":"","meta":{"_acf_changed":false,"inline_featured_image":false,"_joinchat":[]},"medical-identification":[173],"material-type":[272],"product_brand":[],"product_cat":[169],"product_tag":[184,188],"class_list":{"0":"post-11286","1":"product","2":"type-product","3":"status-publish","4":"has-post-thumbnail","6":"medical-identification-nino-a","7":"material-type-pvc","8":"product_cat-pulseras-infantiles","9":"product_tag-acero-inoxidable","10":"product_tag-silicona","12":"first","13":"instock","14":"featured","15":"shipping-taxable","16":"purchasable","17":"product-type-variable"},"acf":[],"_links":{"self":[{"href":"https:\/\/pazmentalrd.com\/en\/wp-json\/wp\/v2\/product\/11286","targetHints":{"allow":["GET"]}}],"collection":[{"href":"https:\/\/pazmentalrd.com\/en\/wp-json\/wp\/v2\/product"}],"about":[{"href":"https:\/\/pazmentalrd.com\/en\/wp-json\/wp\/v2\/types\/product"}],"replies":[{"embeddable":true,"href":"https:\/\/pazmentalrd.com\/en\/wp-json\/wp\/v2\/comments?post=11286"}],"wp:featuredmedia":[{"embeddable":true,"href":"https:\/\/pazmentalrd.com\/en\/wp-json\/wp\/v2\/media\/16030"}],"wp:attachment":[{"href":"https:\/\/pazmentalrd.com\/en\/wp-json\/wp\/v2\/media?parent=11286"}],"wp:term":[{"taxonomy":"medical-identification","embeddable":true,"href":"https:\/\/pazmentalrd.com\/en\/wp-json\/wp\/v2\/medical-identification?post=11286"},{"taxonomy":"material-type","embeddable":true,"href":"https:\/\/pazmentalrd.com\/en\/wp-json\/wp\/v2\/material-type?post=11286"},{"taxonomy":"product_brand","embeddable":true,"href":"https:\/\/pazmentalrd.com\/en\/wp-json\/wp\/v2\/product_brand?post=11286"},{"taxonomy":"product_cat","embeddable":true,"href":"https:\/\/pazmentalrd.com\/en\/wp-json\/wp\/v2\/product_cat?post=11286"},{"taxonomy":"product_tag","embeddable":true,"href":"https:\/\/pazmentalrd.com\/en\/wp-json\/wp\/v2\/product_tag?post=11286"}],"curies":[{"name":"wp","href":"https:\/\/api.w.org\/{rel}","templated":true}]}}