{"id":9082,"date":"2024-08-30T13:22:58","date_gmt":"2024-08-30T13:22:58","guid":{"rendered":"https:\/\/pazmentalrd.com\/?post_type=product&#038;p=9082"},"modified":"2025-01-14T21:23:25","modified_gmt":"2025-01-14T21:23:25","slug":"vikingotira-de-pulsera","status":"publish","type":"product","link":"https:\/\/pazmentalrd.com\/en\/product\/vikingotira-de-pulsera\/","title":{"rendered":"Tira de pulsera Vikingo para combinar con diferentes chapas"},"content":{"rendered":"<p>Vikingo tira de pulsera para combinar con diferentes chapas. Vendido por separado. Visite las p\u00e1ginas de chapas. Mejora tus conjuntos con una atrevida tira de pulsera de acero inoxidable. Visite las p\u00e1ginas de chapas. Este presenta un dise\u00f1o elegante G\u00f3tico Tribal, que es perfecto tanto para ambientes informales como formales.<\/p>\n<p>Material de la cadena: acero inoxidable quir\u00fargico hipoalerg\u00e9nico de alta calidad. Excelente resistencia a la corrosi\u00f3n y duraci\u00f3n.<\/p>\n<p>TAMA\u00d1O DE CADENA INTERCAMBIABLE: Esta pulsera de cadena se mide de extremo a extremo en longitud total. Mida el tama\u00f1o correcto que necesita.<\/p>\n<p>TAMA\u00d1O TOTAL DE LA PULSERA: la suma de la longitud de la etiqueta de identificaci\u00f3n m\u00e9dica intercambiable + la cadena intercambiable + el espacio de comodidad deseado. La brecha de comodidad puede variar de 0,25 a 1,0 cm seg\u00fan sus preferencias personales.<\/p>\n<p>ACABADO E INTERCAMBIACI\u00d3N: Cadena de acero inoxidable pulido con dos cierres de langosta de acero inoxidable de 13 mm. Puede combinar con todas las etiquetas de identificaci\u00f3n m\u00e9dica intercambiables y casi todas las dem\u00e1s.<\/p>","protected":false},"excerpt":{"rendered":"<p>Vikingo tira de pulsera para combinar con diferentes chapas. Vendido por separado. Visite las paginas de chapas. Mejora tus conjuntos con una atrevida tira de pulsera de acero inoxidable. Este presenta un dise\u00f1o elegante G\u00f3tico Tribal que es perfecto tanto para ambientes informales como formales.<\/p>","protected":false},"featured_media":10118,"comment_status":"open","ping_status":"closed","template":"","meta":{"_acf_changed":false,"inline_featured_image":false,"_joinchat":[]},"medical-identification":[72],"material-type":[149],"product_brand":[],"product_cat":[171],"product_tag":[184,199],"class_list":{"0":"post-9082","1":"product","2":"type-product","3":"status-publish","4":"has-post-thumbnail","6":"medical-identification-unisex","7":"material-type-acero-inoxidable","8":"product_cat-tiras-de-pulseras","9":"product_tag-acero-inoxidable","10":"product_tag-tira-de-pulseras","12":"first","13":"instock","14":"featured","15":"shipping-taxable","16":"purchasable","17":"product-type-variable","18":"has-default-attributes"},"acf":[],"_links":{"self":[{"href":"https:\/\/pazmentalrd.com\/en\/wp-json\/wp\/v2\/product\/9082","targetHints":{"allow":["GET"]}}],"collection":[{"href":"https:\/\/pazmentalrd.com\/en\/wp-json\/wp\/v2\/product"}],"about":[{"href":"https:\/\/pazmentalrd.com\/en\/wp-json\/wp\/v2\/types\/product"}],"replies":[{"embeddable":true,"href":"https:\/\/pazmentalrd.com\/en\/wp-json\/wp\/v2\/comments?post=9082"}],"wp:featuredmedia":[{"embeddable":true,"href":"https:\/\/pazmentalrd.com\/en\/wp-json\/wp\/v2\/media\/10118"}],"wp:attachment":[{"href":"https:\/\/pazmentalrd.com\/en\/wp-json\/wp\/v2\/media?parent=9082"}],"wp:term":[{"taxonomy":"medical-identification","embeddable":true,"href":"https:\/\/pazmentalrd.com\/en\/wp-json\/wp\/v2\/medical-identification?post=9082"},{"taxonomy":"material-type","embeddable":true,"href":"https:\/\/pazmentalrd.com\/en\/wp-json\/wp\/v2\/material-type?post=9082"},{"taxonomy":"product_brand","embeddable":true,"href":"https:\/\/pazmentalrd.com\/en\/wp-json\/wp\/v2\/product_brand?post=9082"},{"taxonomy":"product_cat","embeddable":true,"href":"https:\/\/pazmentalrd.com\/en\/wp-json\/wp\/v2\/product_cat?post=9082"},{"taxonomy":"product_tag","embeddable":true,"href":"https:\/\/pazmentalrd.com\/en\/wp-json\/wp\/v2\/product_tag?post=9082"}],"curies":[{"name":"wp","href":"https:\/\/api.w.org\/{rel}","templated":true}]}}