{"id":9477,"date":"2024-09-13T11:45:16","date_gmt":"2024-09-13T11:45:16","guid":{"rendered":"https:\/\/pazmentalrd.com\/?post_type=product&#038;p=9477"},"modified":"2025-05-18T16:17:48","modified_gmt":"2025-05-18T16:17:48","slug":"trebol-de-cuatro-hojas-aleacion-de-zinc-nacar-acero-inoxidable-pulseras-de-color-dorado-blanco-con-simbolo-rojo","status":"publish","type":"product","link":"https:\/\/pazmentalrd.com\/en\/product\/trebol-de-cuatro-hojas-aleacion-de-zinc-nacar-acero-inoxidable-pulseras-de-color-dorado-blanco-con-simbolo-rojo\/","title":{"rendered":"Brazalete Tr\u00e9bol con cuatro hojas. Aleaci\u00f3n de zinc y n\u00e1car, acero inoxidable dorado y blanco con un s\u00edmbolo rojo."},"content":{"rendered":"<p>Tr\u00e9bol de cuatro hojas Aleaci\u00f3n de zinc + n\u00e1car (madre de perla) Acero inoxidable Pulseras de color dorado + blanco con s\u00edmbolo rojo.<br \/>\n\u2022 Color plateado+blanco<br \/>\n\u2022 Grabe la informaci\u00f3n m\u00e9dica\/de contacto de MiRPRE QR en la parte posterior.<br \/>\nPulseras de identificaci\u00f3n m\u00e9dica para ni\u00f1os, pulseras de identificaci\u00f3n m\u00e9dica para mujeres.<br \/>\nTr\u00e9bol de cuatro hojas Aleaci\u00f3n de zinc + N\u00e1car + Acero inoxidable.<br \/>\n\u2022 Cl\u00e1sico, moderno, liviano, resistente al agua, exquisito, simple y bien combinado. Estas exquisitas pulseras de identificaci\u00f3n m\u00e9dica con tr\u00e9bol de cuatro hojas se adaptan a personas de todas las edades y en cualquier ocasi\u00f3n.<br \/>\n\u2022 Color plateado; tambi\u00e9n tiene colores dorado, negro y oro rosa como opci\u00f3n.<br \/>\n\u2022 Un brazalete de identificaci\u00f3n m\u00e9dica habla por usted en caso de emergencia cuando usted no puede hacerlo, lo que permite a los socorristas evaluar adecuadamente la situaci\u00f3n y c\u00f3mo tratarlo adecuadamente.<br \/>\n\u2022 Al realizar actividades al aire libre, es importante tener disponible informaci\u00f3n crucial. Salir solo te hace m\u00e1s vulnerable. En caso de accidente, s\u00f3lo se pueden tomar medidas adecuadas cuando se dispone inmediatamente de informaci\u00f3n crucial. \u00a1Puede salvarte la vida!<\/p>","protected":false},"excerpt":{"rendered":"<p>Cl\u00e1sico, moderno, liviano, resistente al agua, exquisito, simple y bien combinado. Estas excusitas, pulseras de identificaci\u00f3n m\u00e9dica con tr\u00e9bol de cuatro hojas, se adaptan a personas de todas las edades y en cualquier ocasi\u00f3n. La placa de acero inoxidable de 18 mm x 32,5 mm puede grabar\/grabar con laser informaci\u00f3n m\u00e9dica en la parte posterior. Con cierres de joyer\u00eda de calidad; f\u00e1cil de usar y quitar.<\/p>","protected":false},"featured_media":9479,"comment_status":"open","ping_status":"closed","template":"","meta":{"_acf_changed":false,"inline_featured_image":false,"_joinchat":[]},"medical-identification":[71],"material-type":[149],"product_brand":[],"product_cat":[190],"product_tag":[184,183,182],"class_list":{"0":"post-9477","1":"product","2":"type-product","3":"status-publish","4":"has-post-thumbnail","6":"medical-identification-women","7":"material-type-acero-inoxidable","8":"product_cat-bangles","9":"product_tag-acero-inoxidable","10":"product_tag-aleacion-de-zinc","11":"product_tag-madreperla","13":"first","14":"instock","15":"featured","16":"shipping-taxable","17":"purchasable","18":"product-type-variable"},"acf":[],"_links":{"self":[{"href":"https:\/\/pazmentalrd.com\/en\/wp-json\/wp\/v2\/product\/9477","targetHints":{"allow":["GET"]}}],"collection":[{"href":"https:\/\/pazmentalrd.com\/en\/wp-json\/wp\/v2\/product"}],"about":[{"href":"https:\/\/pazmentalrd.com\/en\/wp-json\/wp\/v2\/types\/product"}],"replies":[{"embeddable":true,"href":"https:\/\/pazmentalrd.com\/en\/wp-json\/wp\/v2\/comments?post=9477"}],"wp:featuredmedia":[{"embeddable":true,"href":"https:\/\/pazmentalrd.com\/en\/wp-json\/wp\/v2\/media\/9479"}],"wp:attachment":[{"href":"https:\/\/pazmentalrd.com\/en\/wp-json\/wp\/v2\/media?parent=9477"}],"wp:term":[{"taxonomy":"medical-identification","embeddable":true,"href":"https:\/\/pazmentalrd.com\/en\/wp-json\/wp\/v2\/medical-identification?post=9477"},{"taxonomy":"material-type","embeddable":true,"href":"https:\/\/pazmentalrd.com\/en\/wp-json\/wp\/v2\/material-type?post=9477"},{"taxonomy":"product_brand","embeddable":true,"href":"https:\/\/pazmentalrd.com\/en\/wp-json\/wp\/v2\/product_brand?post=9477"},{"taxonomy":"product_cat","embeddable":true,"href":"https:\/\/pazmentalrd.com\/en\/wp-json\/wp\/v2\/product_cat?post=9477"},{"taxonomy":"product_tag","embeddable":true,"href":"https:\/\/pazmentalrd.com\/en\/wp-json\/wp\/v2\/product_tag?post=9477"}],"curies":[{"name":"wp","href":"https:\/\/api.w.org\/{rel}","templated":true}]}}